{"id":9993,"date":"2023-07-16T08:22:07","date_gmt":"2023-07-16T08:22:07","guid":{"rendered":"https:\/\/augsburg-coworking.de\/?page_id=9993"},"modified":"2023-07-16T09:50:20","modified_gmt":"2023-07-16T09:50:20","slug":"impressum","status":"publish","type":"page","link":"https:\/\/augsburg-coworking.de\/en\/impressum\/","title":{"rendered":"Impressum"},"content":{"rendered":"<section class=\"wpb-content-wrapper\"><section data-vc-full-width=\"true\" data-vc-full-width-init=\"false\" class=\"vc_section\"><div class=\"vc_row wpb_row vc_row-fluid vc_row-o-content-top vc_row-flex\"><div class=\"wpb_column vc_column_container vc_col-sm-12 vc_col-lg-4 vc_col-md-6 text-align-center-sm-ms\"><div class=\"vc_column-inner\"><div class=\"wpb_wrapper\"><div class=\"ltx-content-width col-align-left\" id=\"like_sc_content_width_1502141386\" style=\"max-width: 370px\"><div class=\"ltx-wrapper\"><div class=\"heading  header-subheader align-left color-black transform-default theme-icon-second icon-type-hidden   vc_custom_1689494550150 heading-tag-h3\" id=\"like_sc_header_1086022118\"><h3 class=\"header ltx-sr-id-like_sc_header_1086022118890096623 ltx-sr ltx-sr-effect-fade_in ltx-sr-el-block ltx-sr-delay-0 ltx-sr-duration-1000 ltx-sr-sequences-0\">Satellitum<\/h3><\/div>\n\t<div class=\"wpb_text_column wpb_content_element\" >\n\t\t<div class=\"wpb_wrapper\">\n\t\t\t<p>The perfect place for self-employed, freelancers, entrepreneurs, employees and startups<\/p>\n\n\t\t<\/div>\n\t<\/div>\n<div class=\"align-default\"><ul class=\"social-icons-list   vc_custom_1689495314836 bg-main  icon-weight-bold\" id=\"like_sc_header_248292015\"><li class=\"\"><span class=\"fas fa-phone-volume\"><\/span><span class=\"head\">+49 176 45533 154<\/span><\/li><li class=\"\"><a href=\"#\"><span class=\"fas fa-envelope\"><\/span><span class=\"head\"> satellitum@bayern-mail.de<\/span><\/a><\/li><li class=\"\"><span class=\"fas fa-map-marked-alt\"><\/span><span class=\"head\">Spechtstra\u00dfe 17 86156 Augsburg<\/span><\/li><\/ul><\/div><\/div><\/div><\/div><\/div><\/div><div class=\"wpb_column vc_column_container vc_col-sm-12 vc_col-lg-3 vc_col-md-6 text-align-center-sm-ms\"><div class=\"vc_column-inner\"><div class=\"wpb_wrapper\"><div class=\"es-resp\">\t<div class=\"hidden-xl hidden-md hidden-sm hidden-ms hidden-xs\" style=\"height: 28px;\"><\/div>\t<div class=\"visible-md\" style=\"height: 28px;\"><\/div>\t<div class=\"visible-sm\" style=\"height: 28px;\"><\/div>\t<div class=\"visible-ms\" style=\"height: 28px;\"><\/div>\t<div class=\"visible-xs\" style=\"height: 28px;\"><\/div><\/div><\/div><\/div><\/div><div class=\"wpb_column vc_column_container vc_col-sm-1 vc_col-lg-1 vc_col-md-12 vc_hidden-md vc_hidden-sm vc_hidden-xs\"><div class=\"vc_column-inner\"><div class=\"wpb_wrapper\"><\/div><\/div><\/div><div class=\"wpb_column vc_column_container vc_col-sm-4 vc_col-lg-4 vc_col-md-6 vc_hidden-md vc_hidden-sm vc_hidden-xs vc_col-has-fill\"><div class=\"vc_column-inner vc_custom_1549398563071\"><div class=\"wpb_wrapper\">\n\t<div  class=\"wpb_single_image wpb_content_element vc_align_center  vc_custom_1689501013445\">\n\t\t\n\t\t<figure class=\"wpb_wrapper vc_figure\">\n\t\t\t<div class=\"vc_single_image-wrapper vc_box_rounded  vc_box_border_grey\"><img class=\"vc_single_image-img\" src=\"https:\/\/augsburg-coworking.de\/wp-content\/uploads\/2023\/07\/DSC01945-scaled-1-360x416.jpg\" width=\"360\" height=\"416\" alt=\"DSC01945-scaled\" title=\"DSC01945-scaled\" \/><\/div>\n\t\t<\/figure>\n\t<\/div>\n<\/div><\/div><\/div><\/div><\/section><div class=\"vc_row-full-width vc_clearfix\"><\/div><div data-vc-full-width=\"true\" data-vc-full-width-init=\"false\" data-vc-stretch-content=\"true\" class=\"vc_row wpb_row vc_row-fluid vc_row-no-padding\"><div class=\"wpb_column vc_column_container vc_col-sm-12\"><div class=\"vc_column-inner\"><div class=\"wpb_wrapper\"><\/div><\/div><\/div><\/div><div class=\"vc_row-full-width vc_clearfix\"><\/div><div class=\"vc_row wpb_row vc_row-fluid\"><div class=\"wpb_column vc_column_container vc_col-sm-12\"><div class=\"vc_column-inner\"><div class=\"wpb_wrapper\"><div class=\"vc_empty_space\"   style=\"height: 32px\"><span class=\"vc_empty_space_inner\"><\/span><\/div>\n\t<div class=\"wpb_text_column wpb_content_element\" >\n\t\t<div class=\"wpb_wrapper\">\n\t\t\t<p>Angaben gem\u00e4\u00df \u00a7 5 TMG<\/p>\n<p>Werner Kragl<br \/>\nSatellitum &#8211; B\u00fcro auf Zeit<br \/>\nSpechtsra\u00dfe 17<br \/>\n86156 Augsburg<br \/>\nContact us<br \/>\nTelefon: +49 176 45533 154<br \/>\nTelefax: +49 176 455 33 154<br \/>\nE-Mail: satellitum@bayern-mail.de<\/p>\n<p>Umsatzsteuer-Identifikationsnummer gem\u00e4\u00df \u00a7 27 a Umsatzsteuergesetz: DE815665900<\/p>\n<p>Redaktionell verantwortlich<br \/>\nWerner Kragl<br \/>\nSpechtstra\u00dfe 17<br \/>\n86156 Augsburg<\/p>\n<p>Verbraucherstreitbeilegung\/Universalschlichtungsstelle<br \/>\nWir sind nicht bereit oder verpflichtet, an Streitbeilegungsverfahren vor einer<br \/>\nVerbraucherschlichtungsstelle teilzunehmen.<\/p>\n<p>Quelle:<br \/>\neRecht24<\/p>\n\n\t\t<\/div>\n\t<\/div>\n<\/div><\/div><\/div><\/div><div class=\"vc_row wpb_row vc_row-fluid\"><div class=\"wpb_column vc_column_container vc_col-sm-12\"><div class=\"vc_column-inner\"><div class=\"wpb_wrapper\"><div class=\"vc_empty_space\"   style=\"height: 32px\"><span class=\"vc_empty_space_inner\"><\/span><\/div><\/div><\/div><\/div><\/div>\n<\/section>","protected":false},"excerpt":{"rendered":"Satellitum Der perfekte Ort f\u00fcr Selbstst\u00e4ndige, Freiberufler, Entrepreneure, Angestellte und Startups +49 176 45533 154 satellitum@bayern-mail.deSpechtstra\u00dfe 17 86156 Augsburg Angaben gem\u00e4\u00df \u00a7 5 TMG Werner Kragl Satellitum - B\u00fcro auf Zeit Spechtsra\u00dfe 17 86156 Augsburg Kontakt Telefon: +49 176 45533 154 Telefax: +49 176 455 33 154 E-Mail: satellitum@bayern-mail.de Umsatzsteuer-Identifikationsnummer gem\u00e4\u00df \u00a7 27 a Umsatzsteuergesetz: DE815665900 Redaktionell verantwortlich Werner Kragl Spechtstra\u00dfe 17 86156 Augsburg Verbraucherstreitbeilegung\/Universalschlichtungsstelle Wir sind nicht bereit oder verpflichtet, an Streitbeilegungsverfahren vor einer Verbraucherschlichtungsstelle teilzunehmen. Quelle: eRecht24","protected":false},"author":1,"featured_media":0,"parent":0,"menu_order":0,"comment_status":"closed","ping_status":"closed","template":"page-templates\/full-width.php","meta":[],"_links":{"self":[{"href":"https:\/\/augsburg-coworking.de\/en\/wp-json\/wp\/v2\/pages\/9993"}],"collection":[{"href":"https:\/\/augsburg-coworking.de\/en\/wp-json\/wp\/v2\/pages"}],"about":[{"href":"https:\/\/augsburg-coworking.de\/en\/wp-json\/wp\/v2\/types\/page"}],"author":[{"embeddable":true,"href":"https:\/\/augsburg-coworking.de\/en\/wp-json\/wp\/v2\/users\/1"}],"replies":[{"embeddable":true,"href":"https:\/\/augsburg-coworking.de\/en\/wp-json\/wp\/v2\/comments?post=9993"}],"version-history":[{"count":1,"href":"https:\/\/augsburg-coworking.de\/en\/wp-json\/wp\/v2\/pages\/9993\/revisions"}],"predecessor-version":[{"id":10036,"href":"https:\/\/augsburg-coworking.de\/en\/wp-json\/wp\/v2\/pages\/9993\/revisions\/10036"}],"wp:attachment":[{"href":"https:\/\/augsburg-coworking.de\/en\/wp-json\/wp\/v2\/media?parent=9993"}],"curies":[{"name":"wp","href":"https:\/\/api.w.org\/{rel}","templated":true}]}}